{"id":40,"date":"2021-09-07T10:45:15","date_gmt":"2021-09-07T08:45:15","guid":{"rendered":"http:\/\/almadina.de\/?page_id=40"},"modified":"2021-09-15T12:57:52","modified_gmt":"2021-09-15T10:57:52","slug":"uber-almadina","status":"publish","type":"page","link":"https:\/\/almadina.de\/?page_id=40","title":{"rendered":"\u00dcber Almadina"},"content":{"rendered":"\t\t<div data-elementor-type=\"wp-page\" data-elementor-id=\"40\" class=\"elementor elementor-40\">\n\t\t\t\t\t\t<section class=\"elementor-section elementor-top-section elementor-element elementor-element-75ce5f2 elementor-section-boxed elementor-section-height-default elementor-section-height-default\" data-id=\"75ce5f2\" data-element_type=\"section\" data-e-type=\"section\">\n\t\t\t\t\t\t<div class=\"elementor-container elementor-column-gap-default\">\n\t\t\t\t\t<div class=\"elementor-column elementor-col-50 elementor-top-column elementor-element elementor-element-755b3cc\" data-id=\"755b3cc\" data-element_type=\"column\" data-e-type=\"column\">\n\t\t\t<div class=\"elementor-widget-wrap elementor-element-populated\">\n\t\t\t\t\t\t<div class=\"elementor-element elementor-element-cc27ca6 elementor-widget elementor-widget-heading\" data-id=\"cc27ca6\" data-element_type=\"widget\" data-e-type=\"widget\" data-widget_type=\"heading.default\">\n\t\t\t\t<div class=\"elementor-widget-container\">\n\t\t\t\t\t<h1 class=\"elementor-heading-title elementor-size-default\">\u00dcber Almadina<\/h1>\t\t\t\t<\/div>\n\t\t\t\t<\/div>\n\t\t\t\t\t<\/div>\n\t\t<\/div>\n\t\t\t\t<div class=\"elementor-column elementor-col-50 elementor-top-column elementor-element elementor-element-ab98b35\" data-id=\"ab98b35\" data-element_type=\"column\" data-e-type=\"column\">\n\t\t\t<div class=\"elementor-widget-wrap elementor-element-populated\">\n\t\t\t\t\t\t<div class=\"elementor-element elementor-element-2cfe48c elementor-widget elementor-widget-heading\" data-id=\"2cfe48c\" data-element_type=\"widget\" data-e-type=\"widget\" data-widget_type=\"heading.default\">\n\t\t\t\t<div class=\"elementor-widget-container\">\n\t\t\t\t\t<h1 class=\"elementor-heading-title elementor-size-default\"> \u0639\u0646 \u0645\u062c\u0644\u0629 \u0627\u0644\u0645\u062f\u064a\u0646\u0629<\/h1>\t\t\t\t<\/div>\n\t\t\t\t<\/div>\n\t\t\t\t\t<\/div>\n\t\t<\/div>\n\t\t\t\t\t<\/div>\n\t\t<\/section>\n\t\t\t\t<section class=\"elementor-section elementor-top-section elementor-element elementor-element-b241fc8 elementor-section-boxed elementor-section-height-default elementor-section-height-default\" data-id=\"b241fc8\" data-element_type=\"section\" data-e-type=\"section\">\n\t\t\t\t\t\t<div class=\"elementor-container elementor-column-gap-default\">\n\t\t\t\t\t<div class=\"elementor-column elementor-col-100 elementor-top-column elementor-element elementor-element-c871237\" data-id=\"c871237\" data-element_type=\"column\" data-e-type=\"column\">\n\t\t\t<div class=\"elementor-widget-wrap elementor-element-populated\">\n\t\t\t\t\t\t<div class=\"elementor-element elementor-element-794ded1 elementor-widget-divider--view-line elementor-widget elementor-widget-divider\" data-id=\"794ded1\" data-element_type=\"widget\" data-e-type=\"widget\" data-widget_type=\"divider.default\">\n\t\t\t\t<div class=\"elementor-widget-container\">\n\t\t\t\t\t\t\t<div class=\"elementor-divider\">\n\t\t\t<span class=\"elementor-divider-separator\">\n\t\t\t\t\t\t<\/span>\n\t\t<\/div>\n\t\t\t\t\t\t<\/div>\n\t\t\t\t<\/div>\n\t\t\t\t\t<\/div>\n\t\t<\/div>\n\t\t\t\t\t<\/div>\n\t\t<\/section>\n\t\t\t\t<section class=\"elementor-section elementor-top-section elementor-element elementor-element-1060bba elementor-section-boxed elementor-section-height-default elementor-section-height-default\" data-id=\"1060bba\" data-element_type=\"section\" data-e-type=\"section\">\n\t\t\t\t\t\t<div class=\"elementor-container elementor-column-gap-default\">\n\t\t\t\t\t<div class=\"elementor-column elementor-col-50 elementor-top-column elementor-element elementor-element-9094bbc\" data-id=\"9094bbc\" data-element_type=\"column\" data-e-type=\"column\">\n\t\t\t<div class=\"elementor-widget-wrap elementor-element-populated\">\n\t\t\t\t\t\t<div class=\"elementor-element elementor-element-8c6b5c7 elementor-widget elementor-widget-text-editor\" data-id=\"8c6b5c7\" data-element_type=\"widget\" data-e-type=\"widget\" data-widget_type=\"text-editor.default\">\n\t\t\t\t<div class=\"elementor-widget-container\">\n\t\t\t\t\t\t\t\t\t<p>Liebe Gr\u00fc\u00dfe ihr Magazin Al Madina,<\/p><p>Das Al-Madina Magazin ist das erste arabische Magazin in Deutschland und ist eines der \u00e4ltesten Magazine in Deutschland in Arabisch und Deutsch.<\/p><p>Erscheint alle zwei Woche aus der Hauptstadt Berlin.<br \/>Seit seiner Erstausgabe im Jahr 1983 gilt das Magazin als eine der f\u00fchrenden internationalen Zeitschriften f\u00fcr nationale und internationale Angelegenheiten.<br \/>Es befasst sich mit den arabischen Gemeinschaften in Europa im Allgemeinen und Deutschland im Besonderen sowie in der arabischen Welt. Wir sind stets bestrebt, unseren Namen zu wahren und unser Niveau zu erh\u00f6hen, indem wir unseren Lesern die genaueste und objektivste journalistische Analyse bieten.<br \/>Das Magazin Al-Madina, das erste arabische Magazin in Deutschland im Allgemeinen und das bekannteste in seiner Transparenz und Glaubw\u00fcrdigkeit, zeichnete sich durch die Vermittlung der arabischen Realit\u00e4t in Europa im Allgemeinen und in Deutschland im Besonderen aus. , wo immer es ist, ob in der Stadt Berlin \u2013 Hamburg \u2013 M\u00fcnchen \u2013 D\u00fcsseldorf oder ein beliebiges Gebiet in ganz Deutschland und Europa.<br \/>Aus den neuesten wissenschaftlichen Nachrichten von regionaler und globaler Bedeutung. Mit aktuellen Nachrichten, Sonderberichten, Meinungsbeitr\u00e4gen, Folien, Videos und Audiodateien bietet das Al Madina Magazine ma\u00dfgebliche Informationen \u00fcber die neuesten Entwicklungen in Wissenschaft, Technologie und Biomedizin und bietet gleichzeitig eine Plattform f\u00fcr die einflussreichsten Denker der Region.<br \/>Neben den verschiedenen Nachrichtenartikeln, die wichtige Fragen aufwerfen und politischen Analysen zu den wichtigsten politischen, sozialen und kulturellen Themen, die von Journalisten und Intellektuellen mit prominenten politischen Pers\u00f6nlichkeiten behandelt werden.<br \/>Unser Magazin ist bestrebt, aufschlussreiche Analysen der wichtigen Ereignisse bereitzustellen, die den globalen politischen Raum ausmachen.<br \/>Das Magazin befasst sich auch mit eingehenden Analysen und Vorschl\u00e4gen f\u00fcr politische Entscheidungstr\u00e4ger in der Region.<br \/>Wir hoffen, dass Sie in unserer Arbeit finden, was dazu beitr\u00e4gt, wichtige Diskussionen in der heutigen Medienwelt zu f\u00f6rdern, und dass Sie unser Magazin mit Freude lesen, da wir es gerne f\u00fcr zuk\u00fcnftige Generationen von wissenschaftlichen Forschern gestalten.<\/p><p>Ihr Al Madina Magazin.<\/p>\t\t\t\t\t\t\t\t<\/div>\n\t\t\t\t<\/div>\n\t\t\t\t\t<\/div>\n\t\t<\/div>\n\t\t\t\t<div class=\"elementor-column elementor-col-50 elementor-top-column elementor-element elementor-element-120e3d2\" data-id=\"120e3d2\" data-element_type=\"column\" data-e-type=\"column\">\n\t\t\t<div class=\"elementor-widget-wrap elementor-element-populated\">\n\t\t\t\t\t\t<div class=\"elementor-element elementor-element-be3ea65 elementor-widget elementor-widget-text-editor\" data-id=\"be3ea65\" data-element_type=\"widget\" data-e-type=\"widget\" data-widget_type=\"text-editor.default\">\n\t\t\t\t<div class=\"elementor-widget-container\">\n\t\t\t\t\t\t\t\t\t<p style=\"direction: rtl;\"><span style=\"font-size: 16px;\">\u0645\u062c\u0644\u0629 ( \u0627\u0644\u0645\u062f\u064a\u0646\u0629 ) \u0627\u0648\u0644 \u0645\u062c\u0644\u0629 \u0639\u0631\u0628\u064a\u0629 \u0641\u064a \u0627\u0644\u0645\u0627\u0646\u064a\u0627 \u0648\u0647\u064a \u0648\u0627\u062d\u062f\u0629 \u0645\u0646 \u0623\u0639\u0631\u0642 \u0627\u0644\u0645\u062c\u0644\u0627\u062a \u0641\u064a \u0627\u0644\u0645\u0627\u0646\u064a\u0627 \u0628\u0627\u0644\u0644\u063a\u0629 \u0627\u0644\u0639\u0631\u0628\u064a\u0629 \u0648\u0627\u0644\u0623\u0644\u0645\u0627\u0646\u064a\u0629 .<\/span><\/p><p style=\"direction: rtl;\"><span style=\"font-size: 16px;\">\u062a\u0635\u062f\u0631 \u0646\u0635\u0641 \u0634\u0647\u0631\u064a\u0629 \u0645\u0646 \u0628\u0631\u0644\u064a\u0646 \u0627\u0644\u0639\u0627\u0635\u0645\u0629 .<br \/><\/span><span style=\"font-size: 16px;\">\u0648\u0645\u0646\u0630 \u0635\u062f\u0648\u0631 \u0637\u0628\u0639\u062a\u0647\u0627 \u0627\u0644\u0623\u0648\u0644\u0649 \u0641\u064a \u0639\u0627\u0645 1983\u060c \u0623\u064f\u0639\u062a\u0628\u0631\u062a \u0627\u0644\u0645\u062c\u0644\u0629 \ufe87\u062d\u062f\u0649 \u0627\u0644\u0645\u062c\u0644\u0627\u062a \u0627\u0644\u062f\u0648\u0644\u064a\u0629 \u0627\u0644\u0631\u0627\u0626\u062f\u0629 \u0641\u064a \u0627\u0644\u0634\u0624\u0648\u0646 \u0627\u0644\u0645\u062d\u0644\u064a\u0629 \u0648\u0627\u0644\u062f\u0648\u0644\u064a\u0629.<br \/><\/span><span style=\"font-size: 16px;\">\u0648\u0647\u064a \u062a\u064f\u0639\u0646\u0649 \u0628\u0627\u0644\u062c\u0627\u0644\u064a\u0627\u062a \u0627\u0644\u0639\u0631\u0628\u064a\u0629 \u0627\u0644\u0645\u0648\u062c\u0648\u062f\u0629 \u0641\u064a \u0627\u0648\u0631\u0648\u0628\u0627 \u0639\u0627\u0645\u0629 \u0648\u0627\u0644\u0645\u0627\u0646\u064a\u0627 \u062e\u0627\u0635\u0629 \u0648 \u0641\u064a \u0627\u0644\u0639\u0627\u0644\u0645 \u0627\u0644\u0639\u0631\u0628\u064a. \u0648\u0646\u062d\u0631\u0635 \u062f\u0627\u0626\u0645\u0627\u064b \u0639\u0644\u0649 \u0627\u0644\u062d\u0641\u0627\u0638 \u0639\u0644\u0649 \u0627\u0633\u0645\u0646\u0627 \u0648\u0627\u0644\u0627\u0631\u062a\u0642\u0627\u0621 \u0628\u0645\u0633\u062a\u0648\u0627\u0646\u0627 \u0645\u0646 \u062e\u0644\u0627\u0644 \u062a\u0632\u0648\u064a\u062f \u0642\u0631\u0627\u0626\u0646\u0627 \u0628\u0623\u062f\u0642 \u0627\u0644\u062a\u062d\u0644\u064a\u0644\u0627\u062a \u0627\u0644\u0635\u062d\u0627\u0641\u064a\u0629 \u0648\u0623\u0643\u062b\u0631\u0647\u0627 \u0645\u0648\u0636\u0648\u0639\u064a\u0629.<br \/><\/span><span style=\"font-size: 16px;\">\u062a\u0623\u0644\u0642\u062a \u0645\u062c\u0644\u0629 \u0627\u0644\u0645\u062f\u064a\u0646\u0629, \u0645\u062c\u0644\u0629 \u0627\u0644\u0639\u0631\u0628 \u0627\u0644\u0627\u0648\u0644\u0649 \u0641\u064a \u0627\u0644\u0645\u0627\u064a\u0646\u0627 \u0639\u0627\u0645\u0629 \u0648\u0627\u0644\u0623\u0628\u0631\u0632 \u0628\u0634\u0641\u0627\u0641\u064a\u062a\u0647\u0627 \u0648\u0645\u0635\u062f\u0627\u0642\u064a\u062a\u0647\u0627, \u0628\u0646\u0642\u0644 \u0627\u0644\u0648\u0627\u0642\u0639 \u0627\u0644\u0639\u0631\u0628\u064a \u0641\u064a \u0627\u0648\u0631\u0648\u0628\u0627 \u0639\u0627\u0645\u0629 \u0648\u0641\u064a \u0627\u0644\u0645\u0627\u0646\u064a\u0627 \u062e\u0627\u0635\u0629, \u0648\u0627\u0646\u0637\u0644\u0627\u0642\u0622 \u0645\u0646 \u0634\u0628\u0643\u0629 \u0627\u0644\u0645\u0631\u0627\u0633\u0644\u064a\u0646 \u0648\u0627\u0644\u0639\u0645\u0644 \u0627\u0644\u0645\u0646\u062a\u0634\u0631 \u0628\u062e\u0628\u0631\u0629 \u0641\u0631\u064a\u0642 \u0639\u0645\u0644\u0646\u0627 \u0627\u0644\u0645\u0645\u064a\u0632 \u0639\u0628\u0631 16 \u0645\u0642\u0627\u0637\u0639\u0629 \u0627\u0644\u0645\u0627\u0646\u064a\u0629 \u0646\u0632\u0648\u062f \u0627\u0644\u0642\u0627\u0631\u0626 \u0627\u0644\u0639\u0631\u0628\u064a, \u0628\u0627\u0644\u0634\u0641\u0627\u0641\u064a\u0629 \u0648\u0627\u0644\u0635\u0648\u0631\u0629 \u0627\u0644\u062d\u064a\u0629, \u0645\u0628\u0627\u0634\u0631\u0629 \u0645\u0646 \u0645\u0648\u0642\u0639 \u0627\u0644\u062d\u0642\u0627\u0626\u0642, \u0627\u064a\u0646\u0645\u0627 \u0643\u0627\u0646\u062a, \u0633\u0648\u0627\u0621 \u0641\u064a \u0645\u062f\u064a\u0646\u0629 \u0628\u0631\u0644\u064a\u0646 &#8211; \u0647\u0627\u0645\u0628\u0648\u0631\u063a &#8211; \u0645\u064a\u0648\u0646\u062e &#8211; \u062f\u0648\u0633\u0644\u062f\u0648\u0631\u0641 \u0627\u0648 \u0627\u064a \u0645\u0646\u0637\u0642\u0629 \u0641\u064a \u062c\u0645\u064a\u0639 \u0627\u0646\u062d\u0627\u0621 \u0627\u0644\u0645\u0627\u0646\u064a\u0627 \u0648\u0627\u0648\u0631\u0648\u0628\u0627 .<br \/><\/span><span style=\"font-size: 16px;\">\u0645\u0646 \u0622\u062e\u0631 \u0627\u0644\u0623\u062e\u0628\u0627\u0631 \u0627\u0644\u0639\u0644\u0645\u064a\u0629 \u0630\u0627\u062a \u0627\u0644\u0623\u0647\u0645\u064a\u0629 \u0627\u0644\u0625\u0642\u0644\u064a\u0645\u064a\u0629 \u0648\u0627\u0644\u0639\u0627\u0644\u0645\u064a\u0629. \u0648\u0645\u0646 \u062e\u0644\u0627\u0644 \u0639\u0631\u0636 \u0627\u0644\u0623\u062e\u0628\u0627\u0631 \u0627\u0644\u0639\u0627\u062c\u0644\u0629\u060c \u0648\u0627\u0644\u062a\u0642\u0627\u0631\u064a\u0631 \u0627\u0644\u0645\u0637\u0648\u0644\u0629\u060c \u0648\u0645\u0642\u0627\u0644\u0627\u062a \u0627\u0644\u0631\u0623\u064a\u060c \u0648\u0627\u0644\u0634\u0631\u0627\u0626\u062d \u0627\u0644\u0645\u0635\u0648\u0631\u0629\u060c \u0648\u0645\u0642\u0627\u0637\u0639 \u0627\u0644\u0641\u064a\u062f\u064a\u0648\u060c \u0648\u0627\u0644\u0645\u0644\u0641\u0627\u062a \u0627\u0644\u0635\u0648\u062a\u064a\u0629\u060c \u062a\u0642\u062f\u0645 \u0645\u062c\u0644\u0629 \u0627\u0644\u0645\u062f\u064a\u0646\u0629 \u0645\u0639\u0644\u0648\u0645\u0627\u062a \u0645\u0648\u062b\u0648\u0642\u0629 \u0644\u0622\u062e\u0631 \u0627\u0644\u062a\u0637\u0648\u0631\u0627\u062a \u0641\u064a \u0645\u062c\u0627\u0644\u0627\u062a \u0627\u0644\u0639\u0644\u0645 \u0648\u0627\u0644\u062a\u0643\u0646\u0648\u0644\u0648\u062c\u064a\u0627 \u0648\u0627\u0644\u0637\u0628 \u0627\u0644\u062d\u064a\u0648\u064a\u060c \u0625\u0644\u0649 \u062c\u0627\u0646\u0628 \u062a\u0648\u0641\u064a\u0631 \u0645\u0646\u0635\u0629 \u0644\u0644\u0645\u0641\u0643\u0631\u064a\u0646 \u0627\u0644\u0623\u0643\u062b\u0631 \u062a\u0623\u062b\u064a\u0631\u064b\u0627 \u0641\u064a \u0627\u0644\u0645\u0646\u0637\u0642\u0629.<br \/><\/span><span style=\"font-size: 16px;\">\u0627\u0636\u0627\u0641\u0629 \u0627\u0644\u0649 \u0627\u0644\u0627\u062e\u0628\u0627\u0631 \u0627\u0644\u0645\u062a\u0646\u0648\u0639\u0629 \u0645\u0646 \u0645\u0642\u0627\u0644\u0627\u062a \u062a\u0637\u0631\u062d \u0642\u0636\u0627\u064a\u0627 \u0645\u0647\u0645\u0629 <\/span><span style=\"font-size: 16px;\">\u0648\u062a\u062d\u0644\u064a\u0644\u0627\u062a \u0633\u064a\u0627\u0633\u064a\u0629 \u0644\u0623\u0647\u0645 \u0627\u0644\u0642\u0636\u0627\u064a\u0627 \u0627\u0644\u0633\u064a\u0627\u0633\u064a\u0629 \u0648\u0627\u0644\u0627\u062c\u062a\u0645\u0627\u0639\u064a\u0629 \u0648\u0627\u0644\u062b\u0642\u0627\u0641\u064a\u0629 \u060c\u064a\u062a\u0646\u0627\u0648\u0644\u0647\u0627 \u0635\u062d\u0627\u0641\u064a\u0648\u0646 \u0648\u0645\u062b\u0642\u0641\u0648\u0646 \u0645\u0639 \u0634\u062e\u0635\u064a\u0627\u062a \u0633\u064a\u0627\u0633\u064a\u0629 \u0628\u0627\u0631\u0632\u0629.<br \/><\/span><span style=\"font-size: 16px;\">\u0648\u062a\u062d\u0631\u0635 \u0645\u062c\u0644\u062a\u0646\u0627 \u0639\u0644\u0649 \u062a\u0642\u062f\u064a\u0645 \u062a\u062d\u0644\u064a\u0644\u0627\u062a \u0646\u0627\u0641\u0630\u0629 \u0641\u064a\u0645\u0627 \u064a\u062e\u0635 \u0627\u0644\u0623\u062d\u062f\u0627\u062b \u0627\u0644\u0645\u0647\u0645\u0629 \u0627\u0644\u062a\u064a \u062a\u0634\u0643\u0644 \u0641\u0636\u0627\u0621 \u0627\u0644\u0633\u064a\u0627\u0633\u0629 \u0627\u0644\u0639\u0627\u0644\u0645\u064a\u0629.<br \/><\/span><span style=\"font-size: 16px;\">\u0643\u0645\u0627 \u062a\u064f\u0639\u0646\u0649 \u0627\u0644\u0645\u062c\u0644\u0629 \u0628\u0627\u0644\u062a\u062d\u0644\u064a\u0644\u0627\u062a \u0627\u0644\u0639\u0645\u064a\u0642\u0629 \u0648\u062a\u0642\u062f\u064a\u0645 \u0645\u0642\u062a\u0631\u062d\u0627\u062a \u0644\u0635\u0646\u0627\u0639 \u0627\u0644\u0633\u064a\u0627\u0633\u0629 \u0641\u064a \u0627\u0644\u0645\u0646\u0637\u0642\u0629.<br \/><\/span><span style=\"font-size: 16px;\">\u0646\u0623\u0645\u0644 \u0623\u0646 \u062a\u062c\u062f\u0648\u0627 \u0641\u064a \u0639\u0645\u0644\u0646\u0627 \u0645\u0627 \u064a\u0633\u0627\u0647\u0645 \u0641\u064a \u062a\u063a\u0630\u064a\u0629 \u0646\u0642\u0627\u0634\u0627\u062a \u0645\u0647\u0645\u0629 \u062a\u062f\u0648\u0631 \u0641\u064a \u0639\u0627\u0644\u0645 \u0627\u0644\u0625\u0639\u0644\u0627\u0645 \u0627\u0644\u064a\u0648\u0645\u060c \u0648\u0643\u0630\u0644\u0643 \u0623\u0646 \u062a\u0633\u062a\u0645\u062a\u0639\u0648\u0627 \u0628\u0642\u0631\u0627\u0621\u0629 \u0645\u062c\u0644\u062a\u0646\u0627 \u0643\u0645\u0627 \u0623\u0646\u0646\u0627 \u0646\u0633\u062a\u0645\u062a\u0639 \u0628\u0635\u0646\u0639\u0647\u0627 \u0644\u062f\u0649 \u0627\u0644\u0623\u062c\u064a\u0627\u0644 \u0627\u0644\u0645\u0633\u062a\u0642\u0628\u0644\u064a\u0629 \u0645\u0646 \u0627\u0644\u0628\u0627\u062d\u062b\u064a\u0646 \u0627\u0644\u0639\u0644\u0645\u064a\u064a\u0646.<\/span><\/p><p style=\"direction: rtl;\">\u0648\u0644\u0643\u0645 \u0641\u0627\u0626\u0642 \u062a\u062d\u064a\u0627\u062a\u0646\u0627.<\/p>\t\t\t\t\t\t\t\t<\/div>\n\t\t\t\t<\/div>\n\t\t\t\t\t<\/div>\n\t\t<\/div>\n\t\t\t\t\t<\/div>\n\t\t<\/section>\n\t\t\t\t<\/div>\n\t\t","protected":false},"excerpt":{"rendered":"<p>\u00dcber Almadina \u0639\u0646 \u0645\u062c\u0644\u0629 \u0627\u0644\u0645\u062f\u064a\u0646\u0629 Liebe Gr\u00fc\u00dfe ihr Magazin Al Madina, Das Al-Madina Magazin ist das erste arabische Magazin in Deutschland und ist eines der \u00e4ltesten Magazine in Deutschland in Arabisch und Deutsch. Erscheint alle zwei Woche aus der Hauptstadt Berlin.Seit seiner Erstausgabe im Jahr 1983 gilt das Magazin als eine der f\u00fchrenden internationalen Zeitschriften &hellip;<\/p>\n<p class=\"read-more\"> <a class=\"\" href=\"https:\/\/almadina.de\/?page_id=40\"> <span class=\"screen-reader-text\">\u00dcber Almadina<\/span> Read More &raquo;<\/a><\/p>\n","protected":false},"author":1,"featured_media":0,"parent":0,"menu_order":0,"comment_status":"closed","ping_status":"closed","template":"elementor_header_footer","meta":{"footnotes":""},"class_list":["post-40","page","type-page","status-publish","hentry"],"_links":{"self":[{"href":"https:\/\/almadina.de\/index.php?rest_route=\/wp\/v2\/pages\/40","targetHints":{"allow":["GET"]}}],"collection":[{"href":"https:\/\/almadina.de\/index.php?rest_route=\/wp\/v2\/pages"}],"about":[{"href":"https:\/\/almadina.de\/index.php?rest_route=\/wp\/v2\/types\/page"}],"author":[{"embeddable":true,"href":"https:\/\/almadina.de\/index.php?rest_route=\/wp\/v2\/users\/1"}],"replies":[{"embeddable":true,"href":"https:\/\/almadina.de\/index.php?rest_route=%2Fwp%2Fv2%2Fcomments&post=40"}],"version-history":[{"count":49,"href":"https:\/\/almadina.de\/index.php?rest_route=\/wp\/v2\/pages\/40\/revisions"}],"predecessor-version":[{"id":662,"href":"https:\/\/almadina.de\/index.php?rest_route=\/wp\/v2\/pages\/40\/revisions\/662"}],"wp:attachment":[{"href":"https:\/\/almadina.de\/index.php?rest_route=%2Fwp%2Fv2%2Fmedia&parent=40"}],"curies":[{"name":"wp","href":"https:\/\/api.w.org\/{rel}","templated":true}]}}